{"id":174,"date":"2020-04-03T19:53:37","date_gmt":"2020-04-03T19:53:37","guid":{"rendered":"http:\/\/wordpress.karate-dojo-stockach.de\/?page_id=174"},"modified":"2020-04-03T19:58:26","modified_gmt":"2020-04-03T19:58:26","slug":"dojo-regeln","status":"publish","type":"page","link":"https:\/\/karate-dojo-stockach.de\/?page_id=174","title":{"rendered":"Dojo Regeln"},"content":{"rendered":"<p>Im folgenden sind grundlegende Regeln eines Karate-Dojos festgehalten. Diese Dojo Regeln haben als Basis die 20 traditionellen Regeln die von Gichi Funakoshi erstellt wurden (vgl. Karate-do: Die Kunst, ohne Waffen zu siegen, ISBN-10: <span>3492249205).\u00a0<\/span><\/p>\n<p>&nbsp;<\/p>\n<ol>\n<li style=\"text-align: left;\"><strong>Erscheine p\u00fcnktlich zum Training<br \/>\n<\/strong>Sollte dir dies nicht m\u00f6glich sein, verhalte dich so, dass du das Training so wenig wie m\u00f6glich st\u00f6rst: Wenn du das Dojo betrittst, gehe an der T\u00fcr in seiza und warte dort bis Dich der Trainer auffordert am Training teilzunehmen. Wenn Du aufstehst verbeuge Dich vor dem Trainer und reihe dich dort ein, wo du am wenigsten st\u00f6rst.<\/li>\n<\/ol>\n<ol start=\"2\">\n<li><strong>Zuschauer d\u00fcrfen nicht st\u00f6rend auf den Unterricht wirken<br \/>\n<\/strong>Zuschauer sind gerne gesehen, jedoch werden sie gebeten sich leise zu verhalten und Kommentare zu unterlassen.<\/li>\n<\/ol>\n<ol start=\"3\">\n<li><strong>Respektiere Deine eigene Gesundheit und die Gesundheit Anderer<br \/>\n<\/strong>Gehe nur ins Training, wenn du dazu k\u00f6rperlich in der Lage bist. Wenn es dir nicht m\u00f6glich ist, bestimmte \u00dcbungen im Training mitzumachen, informiere deinen Trainer vor dem Training dar\u00fcber. Gehe auf keinen Fall mit einer ansteckenden Krankheit ins Training (Erk\u00e4ltung, Grippe usw.) auch nicht als Zuschauer!<\/li>\n<\/ol>\n<ol start=\"4\">\n<li><strong>Karate beginnt mit Respekt und endet mit Respekt<br \/>\n<\/strong>Zeige deinen Respekt vor der Kampfkunst, deinem Trainer und deinen Mitsch\u00fclern durch dein \u00e4u\u00dferes Erscheinen und durch deine Haltung. Folgende Punkte sollst du vor Betreten des Dojo beachten:<br \/>\n&#8211; Trage immer ein sauberes, wei\u00dfes Karate-Gi.<br \/>\n&#8211; Binde deinen G\u00fcrtel richtig, mit zwei gleichlangen Enden.<br \/>\n&#8211; Schneide deine Fu\u00df- und Fingern\u00e4gel so, dass sie niemanden verletzen k\u00f6nnen.<br \/>\n&#8211; Trage niemals Schmuck w\u00e4hrend des Trainings oder klebe ihn mit Tape ab (Verletzungsgefahr)<br \/>\n&#8211; Betrete das Dojo nicht mit Schwei\u00dff\u00fc\u00dfen oder schmutzigen H\u00e4nden, in jeder Sporthalle gibt es Waschgelegenheiten.<br \/>\n&#8211; Unsere Gi Jacken sind wei\u00df, au\u00dfer dem Namen und Dojo-Aufn\u00e4her haben dort keine anderen Aufn\u00e4her oder Kn\u00f6pfe etwas verloren. Wir sind keine Werbetr\u00e4ger.<br \/>\n<strong>&#8211; Verbeuge dich, wenn du das Dojo betrittst oder verl\u00e4sst, um deinen Respekt vor der Kampfkunst und den dort Trainierenden auszudr\u00fccken.<\/strong><br \/>\n&#8211; Verbeuge dich bei deinem Trainer, wenn du das Training unterbrichst oder wieder aufnimmst.<br \/>\n&#8211; Verbeuge dich bei deinem Partner, bevor du mit ihm \u00fcbst und wenn du die \u00dcbungen mit ihm beendest.<br \/>\n&#8211; Zeige Deinen Respekt und Deinen Dank durch eine Verbeugung, wenn Dir ein Fortgeschrittener hilft.<br \/>\n&#8211; Wenn Du am Boden sitzt (egal ob als Zuschauer oder als Teilnehmer, der gerade Pause macht oder den Erkl\u00e4rungen des Trainers zuh\u00f6rt) Sitze dann in seiza, im Schneidersitz oder mit angewinkelten Beinen. Dem Trainer die Fu\u00dfsohlen zeigen gilt als Respektlos.<\/li>\n<\/ol>\n<ol start=\"5\">\n<li><strong>Ungl\u00fcck geschieht immer durch Unachtsamkeit<br \/>\n<\/strong>Achte auf die Anweisungen deines Trainers und versuche sie allein oder mit deinem Partner umzusetzen. Versuche deinen Partner zu fordern \u2013 aber ihn nicht zu \u00fcberfordern. Wenn dich dein Partner durch Unachtsamkeit verletzt, zeige ihm durch deine Haltung, wie er es besser machen kann. Dein Verhalten entscheidet dar\u00fcber, ob Unachtsamkeit k\u00fcnftig vergolten wird oder durch bessere Konzentration vermieden wird.<\/li>\n<\/ol>\n<ol start=\"6\">\n<li><strong>Karate \u00fcben hei\u00dft ein Leben lang arbeiten, darin gibt es keine Grenzen<br \/>\n<\/strong>Sei nicht \u00fcberheblich, besserwisserisch oder arrogant, sondern bekenne dich zur Lernbereitschaft, denn \u201eKarate ist wie hei\u00dfes Wasser, das abk\u00fchlt, wenn du es nicht st\u00e4ndig warm h\u00e4ltst\u201c (Gichin Funakoshi). Verlasse das Dojo nicht w\u00e4hrend des Trainings, \u00fcberwinde dich zum Durchhalten. Musst du deine \u00dcbung dennoch unterbrechen, vergiss nicht, dich ordnungsgem\u00e4\u00df abzumelden.<\/li>\n<\/ol>\n<ol start=\"7\">\n<li><strong>Erkenne zuerst Dich selbst, dann den Anderen<br \/>\n<\/strong>Diese Regeln gelten in erster Linie f\u00fcr dich. Sie sind kein Ma\u00dfstab mit dem andere gemessen werden. Sie bilden eine Richtlinie, die dir helfen soll, Karate-Do zu verstehen und umzusetzen. Durch die Geringsch\u00e4tzung anderer wird dein Karate nicht besser! Mit jeder G\u00fcrtelpr\u00fcfung bekommst du eine Best\u00e4tigung deines pers\u00f6nlichen Fortschrittes, sie ist keine Ma\u00dfstab f\u00fcr besseres oder schlechteres Karate, darum vergleiche Deinen G\u00fcrtelgrad nie mit Anderen. Bedenke jedoch, dass Du mit jeder weiteren Pr\u00fcfung mehr Verantwortung f\u00fcr Dich und Deine Mitsch\u00fcler tr\u00e4gst. Du fungierst als Vorbild f\u00fcr andere Sch\u00fcler und Du entscheidest, welche Art Vorbild Du sein m\u00f6chtest. Fordere niemals mehr als du verdienst. Im Training wird es immer etwas geben, das du nicht verstehen wirst. Habe Geduld und lerne zu verstehen \u2013 alles braucht seine Zeit.<\/li>\n<\/ol>\n<ol start=\"8\">\n<li><strong>Karate-Do findet nicht nur im Dojo statt<br \/>\n<\/strong>Verhalte dich in der \u00d6ffentlichkeit so, dass du dem Ansehen des Karate-Do keinen Schaden zuf\u00fcgst. Bem\u00fche dich auch im allt\u00e4glichen Leben zur Bescheidenheit und Kontrolle.<\/li>\n<\/ol>\n<p>&nbsp;<\/p>\n<p>&nbsp;<\/p>\n","protected":false},"excerpt":{"rendered":"<p>Im folgenden sind grundlegende Regeln eines Karate-Dojos festgehalten. Diese Dojo Regeln haben als Basis die 20 traditionellen Regeln die von Gichi Funakoshi erstellt wurden (vgl. Karate-do: Die Kunst, ohne Waffen zu siegen, ISBN-10: 3492249205).\u00a0 &nbsp; Erscheine p\u00fcnktlich zum Training Sollte dir dies nicht m\u00f6glich sein, verhalte dich so, dass du [&hellip;]<\/p>\n","protected":false},"author":1,"featured_media":0,"parent":30,"menu_order":0,"comment_status":"closed","ping_status":"closed","template":"","meta":{"_mc_calendar":[],"footnotes":""},"class_list":["post-174","page","type-page","status-publish","hentry"],"_links":{"self":[{"href":"https:\/\/karate-dojo-stockach.de\/index.php?rest_route=\/wp\/v2\/pages\/174","targetHints":{"allow":["GET"]}}],"collection":[{"href":"https:\/\/karate-dojo-stockach.de\/index.php?rest_route=\/wp\/v2\/pages"}],"about":[{"href":"https:\/\/karate-dojo-stockach.de\/index.php?rest_route=\/wp\/v2\/types\/page"}],"author":[{"embeddable":true,"href":"https:\/\/karate-dojo-stockach.de\/index.php?rest_route=\/wp\/v2\/users\/1"}],"replies":[{"embeddable":true,"href":"https:\/\/karate-dojo-stockach.de\/index.php?rest_route=%2Fwp%2Fv2%2Fcomments&post=174"}],"version-history":[{"count":2,"href":"https:\/\/karate-dojo-stockach.de\/index.php?rest_route=\/wp\/v2\/pages\/174\/revisions"}],"predecessor-version":[{"id":177,"href":"https:\/\/karate-dojo-stockach.de\/index.php?rest_route=\/wp\/v2\/pages\/174\/revisions\/177"}],"up":[{"embeddable":true,"href":"https:\/\/karate-dojo-stockach.de\/index.php?rest_route=\/wp\/v2\/pages\/30"}],"wp:attachment":[{"href":"https:\/\/karate-dojo-stockach.de\/index.php?rest_route=%2Fwp%2Fv2%2Fmedia&parent=174"}],"curies":[{"name":"wp","href":"https:\/\/api.w.org\/{rel}","templated":true}]}}