{"id":207,"date":"2020-10-13T15:20:22","date_gmt":"2020-10-13T15:20:22","guid":{"rendered":"http:\/\/wordpress.karate-dojo-stockach.de\/?page_id=207"},"modified":"2024-08-08T06:49:40","modified_gmt":"2024-08-08T06:49:40","slug":"formulare","status":"publish","type":"page","link":"https:\/\/karate-dojo-stockach.de\/?page_id=207","title":{"rendered":"Formulare"},"content":{"rendered":"<p>Hier findest du notwendige Formulare wenn du dich entweder f\u00fcr einen Schnupperkurs interessierst oder Mitglied im Verein werden m\u00f6chtest.<\/p>\n<p>Bitte f\u00fclle die Formulare am Rechner (soweit m\u00f6glich) aus, drucke sie aus und bringe sie ins n\u00e4chste Training einfach mit.<\/p>\n<p>Handschriftlich ausgef\u00fcllte Formulare k\u00f6nnen wir nur noch in Ausnahmef\u00e4llen akzeptieren.<\/p>\n<p>&nbsp;<\/p>\n<ul>\n<li><a href=\"http:\/\/wordpress.karate-dojo-stockach.de\/wp-content\/uploads\/2022\/11\/Schnupperkurs-Anmeldung.pdf\">Anmeldeformular Schnupperkurs<\/a><\/li>\n<li><a href=\"http:\/\/wordpress.karate-dojo-stockach.de\/wp-content\/uploads\/2022\/11\/Anmeldeformular.pdf\">Anmeldeformular neue Mitglieder<\/a><\/li>\n<li><a href=\"http:\/\/wordpress.karate-dojo-stockach.de\/wp-content\/uploads\/2022\/11\/Sepa.pdf\">Sepa Lastschriftmandat<\/a><\/li>\n<li><a href=\"http:\/\/wordpress.karate-dojo-stockach.de\/wp-content\/uploads\/2022\/11\/WhatsApp.pdf\">Anmeldung WhatsApp-Gruppe<\/a><\/li>\n<li><a href=\"http:\/\/wordpress.karate-dojo-stockach.de\/wp-content\/uploads\/2020\/10\/Einverst\u00e4ndniserkl\u00e4rung-Fotos.pdf\">Einverst\u00e4ndniserkl\u00e4rung Fotos<\/a><\/li>\n<\/ul>\n<p>&nbsp;<\/p>\n","protected":false},"excerpt":{"rendered":"<p>Hier findest du notwendige Formulare wenn du dich entweder f\u00fcr einen Schnupperkurs interessierst oder Mitglied im Verein werden m\u00f6chtest. Bitte f\u00fclle die Formulare am Rechner (soweit m\u00f6glich) aus, drucke sie aus und bringe sie ins n\u00e4chste Training einfach mit. Handschriftlich ausgef\u00fcllte Formulare k\u00f6nnen wir nur noch in Ausnahmef\u00e4llen akzeptieren. &nbsp; [&hellip;]<\/p>\n","protected":false},"author":1,"featured_media":0,"parent":0,"menu_order":0,"comment_status":"closed","ping_status":"closed","template":"","meta":{"_mc_calendar":[],"footnotes":""},"class_list":["post-207","page","type-page","status-publish","hentry"],"_links":{"self":[{"href":"https:\/\/karate-dojo-stockach.de\/index.php?rest_route=\/wp\/v2\/pages\/207","targetHints":{"allow":["GET"]}}],"collection":[{"href":"https:\/\/karate-dojo-stockach.de\/index.php?rest_route=\/wp\/v2\/pages"}],"about":[{"href":"https:\/\/karate-dojo-stockach.de\/index.php?rest_route=\/wp\/v2\/types\/page"}],"author":[{"embeddable":true,"href":"https:\/\/karate-dojo-stockach.de\/index.php?rest_route=\/wp\/v2\/users\/1"}],"replies":[{"embeddable":true,"href":"https:\/\/karate-dojo-stockach.de\/index.php?rest_route=%2Fwp%2Fv2%2Fcomments&post=207"}],"version-history":[{"count":6,"href":"https:\/\/karate-dojo-stockach.de\/index.php?rest_route=\/wp\/v2\/pages\/207\/revisions"}],"predecessor-version":[{"id":547,"href":"https:\/\/karate-dojo-stockach.de\/index.php?rest_route=\/wp\/v2\/pages\/207\/revisions\/547"}],"wp:attachment":[{"href":"https:\/\/karate-dojo-stockach.de\/index.php?rest_route=%2Fwp%2Fv2%2Fmedia&parent=207"}],"curies":[{"name":"wp","href":"https:\/\/api.w.org\/{rel}","templated":true}]}}