{"id":25,"date":"2019-03-06T07:26:59","date_gmt":"2019-03-06T07:26:59","guid":{"rendered":"http:\/\/wordpress.karate-dojo-stockach.de\/?page_id=25"},"modified":"2019-03-06T07:26:59","modified_gmt":"2019-03-06T07:26:59","slug":"geschichte-unseres-dojo","status":"publish","type":"page","link":"https:\/\/karate-dojo-stockach.de\/?page_id=25","title":{"rendered":"Geschichte unseres Dojo"},"content":{"rendered":"\n<p>Das Karatedojo Stockach wurde Anfang der 70er Jahre gegr\u00fcndet. Seit 1978\n sind wir als eingetragener Verein im Vereinsregister registriert. Nach \nvielen Jahren Shotokan-Karate lehren wir aktuell die Stilrichtung \nKoshinkan. Wir sind Mitglied im im <a href=\"https:\/\/www.karate.de\" rel=\"noreferrer noopener\" target=\"_blank\">Deutschen Karate Verband e. V.<\/a>, im <a href=\"http:\/\/www.karate-kvbw.de\" rel=\"noreferrer noopener\" target=\"_blank\">Karateverband Baden-W\u00fcrttemberg<\/a> und damit auch in den Landessportverb\u00e4nden Baden-W\u00fcrttembergs (<a href=\"https:\/\/www.wlsb.de\" rel=\"noreferrer noopener\" target=\"_blank\">WLSB<\/a> und <a href=\"http:\/\/www.badischer-sportbund.de\/startseite\/\">BSB<\/a>).<\/p>\n","protected":false},"excerpt":{"rendered":"<p>Das Karatedojo Stockach wurde Anfang der 70er Jahre gegr\u00fcndet. Seit 1978 sind wir als eingetragener Verein im Vereinsregister registriert. Nach vielen Jahren Shotokan-Karate lehren wir aktuell die Stilrichtung Koshinkan. Wir sind Mitglied im im Deutschen Karate Verband e. V., im Karateverband Baden-W\u00fcrttemberg und damit auch in den Landessportverb\u00e4nden Baden-W\u00fcrttembergs (WLSB [&hellip;]<\/p>\n","protected":false},"author":1,"featured_media":0,"parent":0,"menu_order":0,"comment_status":"closed","ping_status":"closed","template":"","meta":{"_mc_calendar":[],"footnotes":""},"class_list":["post-25","page","type-page","status-publish","hentry"],"_links":{"self":[{"href":"https:\/\/karate-dojo-stockach.de\/index.php?rest_route=\/wp\/v2\/pages\/25","targetHints":{"allow":["GET"]}}],"collection":[{"href":"https:\/\/karate-dojo-stockach.de\/index.php?rest_route=\/wp\/v2\/pages"}],"about":[{"href":"https:\/\/karate-dojo-stockach.de\/index.php?rest_route=\/wp\/v2\/types\/page"}],"author":[{"embeddable":true,"href":"https:\/\/karate-dojo-stockach.de\/index.php?rest_route=\/wp\/v2\/users\/1"}],"replies":[{"embeddable":true,"href":"https:\/\/karate-dojo-stockach.de\/index.php?rest_route=%2Fwp%2Fv2%2Fcomments&post=25"}],"version-history":[{"count":2,"href":"https:\/\/karate-dojo-stockach.de\/index.php?rest_route=\/wp\/v2\/pages\/25\/revisions"}],"predecessor-version":[{"id":116,"href":"https:\/\/karate-dojo-stockach.de\/index.php?rest_route=\/wp\/v2\/pages\/25\/revisions\/116"}],"wp:attachment":[{"href":"https:\/\/karate-dojo-stockach.de\/index.php?rest_route=%2Fwp%2Fv2%2Fmedia&parent=25"}],"curies":[{"name":"wp","href":"https:\/\/api.w.org\/{rel}","templated":true}]}}