{"id":30,"date":"2019-03-06T18:45:06","date_gmt":"2019-03-06T18:45:06","guid":{"rendered":"http:\/\/wordpress.karate-dojo-stockach.de\/?page_id=30"},"modified":"2026-01-31T14:38:31","modified_gmt":"2026-01-31T14:38:31","slug":"training","status":"publish","type":"page","link":"https:\/\/karate-dojo-stockach.de\/?page_id=30","title":{"rendered":"Training"},"content":{"rendered":"<p>&nbsp;<\/p>\r\n\r\n<p>Training ist die Grundlage jedes sportlichen Erfolgs und in jedem Schwarzgurt steckt ein Weissgurt, der niemals aufgegeben hat. Gichin Funakoshi formuliert das folgenderma\u00dfen:<\/p>\r\n\r\n\r\n\r\n<p><strong>&#8222;Wahres Karate ist wie hei\u00dfes Wasser, das abk\u00fchlt, wenn du es nicht st\u00e4ndig w\u00e4rmst.&#8220; <\/strong><\/p>\r\n\r\n\r\n\r\n<p>Das hei\u00dft, in der Sportart Karate wirst auch du nur dann ein wahrer Meister werden, wenn du \u00fcber viele Jahre hinweg kontinuierlich trainierst.<\/p>\r\n\r\n\r\n\r\n<h2 class=\"wp-block-heading\">Trainer<\/h2>\r\n<table>\r\n<tbody>\r\n<tr>\r\n<td width=\"302\"><\/td>\r\n<td width=\"302\"><\/td>\r\n<\/tr>\r\n<\/tbody>\r\n<\/table>\r\n\r\n\r\n\r\n<table>\r\n<tbody>\r\n<tr>\r\n<td width=\"302\">\r\n<p><img loading=\"lazy\" decoding=\"async\" class=\"alignnone wp-image-42\" src=\"http:\/\/wordpress.karate-dojo-stockach.de\/wp-content\/uploads\/2019\/03\/stacks-image-6d3e9f9.jpg\" alt=\"\" width=\"130\" height=\"160\" \/> <strong>Mechthild Nissen<\/strong><\/p>\r\n<\/td>\r\n<td width=\"302\">\r\n<ul>\r\n<li>1. Dan<\/li>\r\n<li>C-Trainerlizenz f\u00fcr Breitensport Karate<\/li>\r\n<li>Soundkarate-Lizenz f\u00fcr Verein- und Schulsport<\/li>\r\n<\/ul>\r\n<\/td>\r\n<\/tr>\r\n<\/tbody>\r\n<\/table>\r\n\r\n\r\n\r\n<p>&nbsp;<\/p>\r\n\r\n\r\n\r\n<table>\r\n<tbody>\r\n<tr>\r\n<td width=\"302\">\r\n<p><img loading=\"lazy\" decoding=\"async\" src=\"http:\/\/wordpress.karate-dojo-stockach.de\/wp-content\/uploads\/2021\/10\/IMG-20211023-WA0000-211x300.jpg\" alt=\"\" class=\"alignnone  wp-image-304\" width=\"130\" height=\"185\" srcset=\"https:\/\/karate-dojo-stockach.de\/wp-content\/uploads\/2021\/10\/IMG-20211023-WA0000-211x300.jpg 211w, https:\/\/karate-dojo-stockach.de\/wp-content\/uploads\/2021\/10\/IMG-20211023-WA0000.jpg 458w\" sizes=\"auto, (max-width: 130px) 100vw, 130px\" \/>\u00a0<strong>Berndt Trautmann<\/strong><\/p>\r\n<\/td>\r\n<td width=\"302\">\r\n<ul>\r\n<li>2. Kyu,<\/li>\r\n<li>KVBW-Kindertrainer 1 + 2,<\/li>\r\n<li>SVL-Vital-Coach,<\/li>\r\n<li>DKV-Sound-Karate-Instructor<\/li>\r\n<li>Jugendwart<\/li>\r\n<\/ul>\r\n<\/td>\r\n<\/tr>\r\n<\/tbody>\r\n<\/table>\r\n<p>&nbsp;<\/p>\r\n<table>\r\n<tbody>\r\n<tr>\r\n<td width=\"302\">\r\n<p><img loading=\"lazy\" decoding=\"async\" src=\"http:\/\/wordpress.karate-dojo-stockach.de\/wp-content\/uploads\/2023\/08\/TrainerBild-668x1024.jpg\" alt=\"\" class=\"alignnone  wp-image-481\" width=\"137\" height=\"210\" srcset=\"https:\/\/karate-dojo-stockach.de\/wp-content\/uploads\/2023\/08\/TrainerBild-668x1024.jpg 668w, https:\/\/karate-dojo-stockach.de\/wp-content\/uploads\/2023\/08\/TrainerBild-196x300.jpg 196w, https:\/\/karate-dojo-stockach.de\/wp-content\/uploads\/2023\/08\/TrainerBild-768x1176.jpg 768w, https:\/\/karate-dojo-stockach.de\/wp-content\/uploads\/2023\/08\/TrainerBild-1003x1536.jpg 1003w, https:\/\/karate-dojo-stockach.de\/wp-content\/uploads\/2023\/08\/TrainerBild-1337x2048.jpg 1337w, https:\/\/karate-dojo-stockach.de\/wp-content\/uploads\/2023\/08\/TrainerBild-scaled.jpg 1671w\" sizes=\"auto, (max-width: 137px) 100vw, 137px\" \/>\u00a0<strong>Jan Metzger<\/strong><\/p>\r\n<\/td>\r\n<td width=\"302\">\r\n<ul>\r\n<li>1. Dan,<\/li>\r\n<li>C-Pr\u00fcferlizenz f\u00fcr Koshinkan-Karate<\/li>\r\n<li>C-Trainerlizenz f\u00fcr Breitensport Karate<\/li>\r\n<li>KVBW-Kindertrainer<\/li>\r\n<li>Dojo-Leiter<\/li>\r\n<li>1. Vorstand<\/li>\r\n<\/ul>\r\n<\/td>\r\n<\/tr>\r\n<\/tbody>\r\n<\/table>\r\n<p>\u00a0desweiteren haben wir, im Rahmen einer Kooperation, regelm\u00e4\u00dfig folgende Trainer bei uns zu Gast:<strong><br \/><\/strong><\/p>\r\n<ul>\r\n<li><strong>Hans Ruff (8.Dan)<\/strong><\/li>\r\n<li><strong>Kevin Ruff (4. Dan)<\/strong><\/li>\r\n<li><strong>Damiano Curcio (5.Dan)<\/strong><\/li>\r\n<\/ul>\r\n\r\n\r\n\r\n<h2 class=\"wp-block-heading\"><\/h2>\r\n<h2>Trainingszeiten<\/h2>\r\n\r\n\r\n<p>Unsere Anf\u00e4nger trainieren wir Dienstags von 17:30 &#8211; 18:15 in der Johanniterhalle in Hoppetenzell und Freitags in der Kreisturnhalle in Stockach von 17:45 &#8211; 18:45.<\/p>\n<p>Das Fortgeschrittenen &#8211; Training findet Dienstags im Anschluss bis 19:30 statt. Freitags treffen wir uns von 19:00 -20:00 Uhr in der Nellenburghalle in Hindelwangen, hier bitte kurz bei Berndt oder Jan Bescheid geben.<\/p>\n<p>Trainiert wird barfu\u00df und im vollst\u00e4ndigen Karate-Anzug. Anf\u00e4nger d\u00fcrfen im Schnupperkurs in bequemer Sportkleidung teilnehmen. Wer hat darf, seine Faustsch\u00fctzer f\u00fcr den Kumite &#8211; Teil mitbringen.<\/p>\n<p>Jeglicher Schmuck, Uhren, etc. ist vor dem Training aus Sichherheitsgr\u00fcnden abzulegen oder abzukleben!<\/p>\n","protected":false},"excerpt":{"rendered":"<p>&nbsp; Training ist die Grundlage jedes sportlichen Erfolgs und in jedem Schwarzgurt steckt ein Weissgurt, der niemals aufgegeben hat. Gichin Funakoshi formuliert das folgenderma\u00dfen: &#8222;Wahres Karate ist wie hei\u00dfes Wasser, das abk\u00fchlt, wenn du es nicht st\u00e4ndig w\u00e4rmst.&#8220; Das hei\u00dft, in der Sportart Karate wirst auch du nur dann ein [&hellip;]<\/p>\n","protected":false},"author":1,"featured_media":0,"parent":0,"menu_order":0,"comment_status":"closed","ping_status":"closed","template":"","meta":{"_mc_calendar":{"weekends":"true","shortcode":"[my_calendar weekends=&quot;true&quot;]","append":""},"footnotes":""},"class_list":["post-30","page","type-page","status-publish","hentry"],"_links":{"self":[{"href":"https:\/\/karate-dojo-stockach.de\/index.php?rest_route=\/wp\/v2\/pages\/30","targetHints":{"allow":["GET"]}}],"collection":[{"href":"https:\/\/karate-dojo-stockach.de\/index.php?rest_route=\/wp\/v2\/pages"}],"about":[{"href":"https:\/\/karate-dojo-stockach.de\/index.php?rest_route=\/wp\/v2\/types\/page"}],"author":[{"embeddable":true,"href":"https:\/\/karate-dojo-stockach.de\/index.php?rest_route=\/wp\/v2\/users\/1"}],"replies":[{"embeddable":true,"href":"https:\/\/karate-dojo-stockach.de\/index.php?rest_route=%2Fwp%2Fv2%2Fcomments&post=30"}],"version-history":[{"count":27,"href":"https:\/\/karate-dojo-stockach.de\/index.php?rest_route=\/wp\/v2\/pages\/30\/revisions"}],"predecessor-version":[{"id":629,"href":"https:\/\/karate-dojo-stockach.de\/index.php?rest_route=\/wp\/v2\/pages\/30\/revisions\/629"}],"wp:attachment":[{"href":"https:\/\/karate-dojo-stockach.de\/index.php?rest_route=%2Fwp%2Fv2%2Fmedia&parent=30"}],"curies":[{"name":"wp","href":"https:\/\/api.w.org\/{rel}","templated":true}]}}