{"id":579,"date":"2025-04-15T04:57:25","date_gmt":"2025-04-15T04:57:25","guid":{"rendered":"https:\/\/wordpress.karate-dojo-stockach.de\/?page_id=579"},"modified":"2025-09-16T20:41:03","modified_gmt":"2025-09-16T20:41:03","slug":"termine","status":"publish","type":"page","link":"https:\/\/karate-dojo-stockach.de\/?page_id=579","title":{"rendered":"Termine"},"content":{"rendered":"<p>Im folgenden sammeln wir euch Termine f\u00fcr interessante Lehrg\u00e4nge. Bei Interesse sprecht uns gerne f\u00fcr n\u00e4here Informationen an. Gerne organisieren wir auch Fahrgemeinschaften.<\/p>\n<p>&nbsp;<\/p>\n<ul>\n<li>15.11.2025 Kara Games in Bodmann<\/li>\n<li>08.11.2025 KVBW Shotokan Tag Bad Waldsee<\/li>\n<li>27.09.2025 Klaus Rennwanz Ged\u00e4chnislehrgang Sigmaringen<\/li>\n<li>20.09.2025 17. Konstanz Cup (3 &#8211; 17 Jahre)<\/li>\n<li>28.06.2025 Koshinkan Sommerlehrgang Heimsheim<\/li>\n<li>28.06.2025 Kumite Spezial mit Johanna Kneer in Reutlingen<\/li>\n<li>25.05.2025 Lehrgang in Sankt Georgen mit J\u00fcrgen Kestner<\/li>\n<li>17.05.2025 Koshinkan Lehrgang in M\u00f6nchweiler<\/li>\n<\/ul>\n","protected":false},"excerpt":{"rendered":"<p>Im folgenden sammeln wir euch Termine f\u00fcr interessante Lehrg\u00e4nge. Bei Interesse sprecht uns gerne f\u00fcr n\u00e4here Informationen an. Gerne organisieren wir auch Fahrgemeinschaften. &nbsp; 15.11.2025 Kara Games in Bodmann 08.11.2025 KVBW Shotokan Tag Bad Waldsee 27.09.2025 Klaus Rennwanz Ged\u00e4chnislehrgang Sigmaringen 20.09.2025 17. Konstanz Cup (3 &#8211; 17 Jahre) 28.06.2025 Koshinkan [&hellip;]<\/p>\n","protected":false},"author":1,"featured_media":0,"parent":0,"menu_order":0,"comment_status":"closed","ping_status":"closed","template":"","meta":{"_mc_calendar":[],"footnotes":""},"class_list":["post-579","page","type-page","status-publish","hentry"],"_links":{"self":[{"href":"https:\/\/karate-dojo-stockach.de\/index.php?rest_route=\/wp\/v2\/pages\/579","targetHints":{"allow":["GET"]}}],"collection":[{"href":"https:\/\/karate-dojo-stockach.de\/index.php?rest_route=\/wp\/v2\/pages"}],"about":[{"href":"https:\/\/karate-dojo-stockach.de\/index.php?rest_route=\/wp\/v2\/types\/page"}],"author":[{"embeddable":true,"href":"https:\/\/karate-dojo-stockach.de\/index.php?rest_route=\/wp\/v2\/users\/1"}],"replies":[{"embeddable":true,"href":"https:\/\/karate-dojo-stockach.de\/index.php?rest_route=%2Fwp%2Fv2%2Fcomments&post=579"}],"version-history":[{"count":5,"href":"https:\/\/karate-dojo-stockach.de\/index.php?rest_route=\/wp\/v2\/pages\/579\/revisions"}],"predecessor-version":[{"id":602,"href":"https:\/\/karate-dojo-stockach.de\/index.php?rest_route=\/wp\/v2\/pages\/579\/revisions\/602"}],"wp:attachment":[{"href":"https:\/\/karate-dojo-stockach.de\/index.php?rest_route=%2Fwp%2Fv2%2Fmedia&parent=579"}],"curies":[{"name":"wp","href":"https:\/\/api.w.org\/{rel}","templated":true}]}}